{"id":5325,"date":"2018-08-09T16:29:54","date_gmt":"2018-08-09T16:29:54","guid":{"rendered":"https:\/\/cafetalesdelaaldea.com\/contacto\/"},"modified":"2021-02-18T16:25:27","modified_gmt":"2021-02-18T16:25:27","slug":"contacto","status":"publish","type":"page","link":"https:\/\/www.cafetalesdelaaldea.com\/en\/contacto\/","title":{"rendered":"Contact"},"content":{"rendered":"<div class=\"one withsmallpadding ppb_header \" style=\"text-align: left; padding: 30px 0 30px 0;\">\n<div class=\"standard_wrapper\">\n<div class=\"page_content_wrapper\">\n<div class=\"inner\">\n<h2 class=\"ppb_title\">CONTACT<\/h2>\n<\/div>\n<\/div>\n<\/div>\n<\/div>\n<div class=\"one withsmallpadding ppb_header \" style=\"text-align: left; padding: 30px 0 30px 0;\">\n<div class=\"standard_wrapper\">\n<div class=\"page_content_wrapper\">\n<div class=\"inner\">\n<h2 class=\"ppb_title\">CONTACT<\/h2>\n<\/div>\n<\/div>\n<\/div>\n<\/div>\n<div class=\"standard_wrapper\">\n<div class=\"one_half withsmallpadding ppb_text\" style=\"padding: 30px 0 30px 0;\">\n<div class=\"standard_wrapper\">\n<div class=\"page_content_wrapper\">\n<div class=\"inner\">\n<div style=\"margin: auto; width: 100%;\">\n<h2>INFO<\/h2>\n<div class=\"wpb_text_column wpb_content_element \" style=\"color: #55616a;\">\n<div class=\"wpb_wrapper\">\n<p>Calle Las Mimosas, Parcela 15C, Pol\u00edgono Industrial de Arinaga, 35118 Ag\u00fcimes, Las Palmas. Espa\u00f1a<\/p>\n<p>\u2013 Phone:\u00a0+34 828 280 230<\/p>\n<p>\u2013 Sales agent:\u00a0+34 605 29 18 83<\/p>\n<p>\u2013 Email: administracion@cafetalesdelaaldea.com<\/p>\n<\/div>\n<\/div>\n<p class=\"vc_custom_heading vc_custom_1457026837400\" style=\"font-weight: bold; color: #262e31;\">Opening hours<\/p>\n<div class=\"wpb_text_column wpb_content_element \" style=\"color: #55616a;\">\n<div class=\"wpb_wrapper\">\n<p>Monday-Friday: 8am \u2013 16pm<\/p>\n<p>Saturday-Sunday: Closed<\/p>\n<\/div>\n<\/div>\n<\/div>\n<\/div>\n<\/div>\n<\/div>\n<\/div>\n<\/div>\n<div class=\"standard_wrapper\">\n<div class=\"one_half last withsmallpadding ppb_text\" style=\"padding: 30px 0 30px 0;\">\n<div class=\"standard_wrapper\">\n<div class=\"page_content_wrapper\">\n<div class=\"inner\">\n<div style=\"margin: auto; width: 100%;\">\n<h2>CONTACT US<\/h2>\n<div id=\"wpcf7-f5321-o2\" class=\"wpcf7\" dir=\"ltr\" lang=\"es-ES\" role=\"form\">\n<div class=\"screen-reader-response\"><\/div>\n<form class=\"wpcf7-form\" action=\"\/wp-admin\/post.php#wpcf7-f5321-o2\" method=\"post\" novalidate=\"novalidate\">\n<div style=\"display: none;\"><input name=\"_wpcf7\" type=\"hidden\" value=\"5321\" \/><br \/>\n<input name=\"_wpcf7_version\" type=\"hidden\" value=\"5.0.3\" \/><br \/>\n<input name=\"_wpcf7_locale\" type=\"hidden\" value=\"es_ES\" \/><br \/>\n<input name=\"_wpcf7_unit_tag\" type=\"hidden\" value=\"wpcf7-f5321-o2\" \/><br \/>\n<input name=\"_wpcf7_container_post\" type=\"hidden\" value=\"0\" \/><\/div>\n<p><label> Your name (requerido)<br \/>\n<span class=\"wpcf7-form-control-wrap your-name\"><input class=\"wpcf7-form-control wpcf7-text wpcf7-validates-as-required\" name=\"your-name\" size=\"40\" type=\"text\" value=\"\" aria-required=\"true\" aria-invalid=\"false\" \/><\/span> <\/label><\/p>\n<p><label> Your email (requerido)<br \/>\n<span class=\"wpcf7-form-control-wrap your-email\"><input class=\"wpcf7-form-control wpcf7-text wpcf7-email wpcf7-validates-as-required wpcf7-validates-as-email\" name=\"your-email\" size=\"40\" type=\"email\" value=\"\" aria-required=\"true\" aria-invalid=\"false\" \/><\/span> <\/label><\/p>\n<p><label> Subject<br \/>\n<span class=\"wpcf7-form-control-wrap your-subject\"><input class=\"wpcf7-form-control wpcf7-text wpcf7-validates-as-required\" name=\"your-subject\" size=\"40\" type=\"text\" value=\"\" aria-required=\"true\" aria-invalid=\"false\" \/><\/span> <\/label><\/p>\n<p><label> Your message<br \/>\n<span class=\"wpcf7-form-control-wrap your-message\"><textarea class=\"wpcf7-form-control wpcf7-textarea wpcf7-validates-as-required\" cols=\"40\" name=\"your-message\" rows=\"10\" aria-required=\"true\" aria-invalid=\"false\"><\/textarea><\/span> <\/label><\/p>\n<p><span class=\"wpcf7-form-control-wrap checkbox-816\"><span class=\"wpcf7-form-control wpcf7-checkbox wpcf7-validates-as-required\"><span class=\"wpcf7-list-item first last\"><input name=\"checkbox-816[]\" type=\"checkbox\" value=\"By sending this form you accept the privacy policy of this website\" \/><span class=\"wpcf7-list-item-label\">By sending this form you accept the privacy policy of this website<\/span><\/span><\/span><\/span><\/p>\n<p><input class=\"wpcf7-form-control wpcf7-submit\" type=\"submit\" value=\"Send\" \/><\/p>\n<div class=\"wpcf7-response-output wpcf7-display-none\"><\/div>\n<\/form>\n<\/div>\n<\/div>\n<\/div>\n<\/div>\n<\/div>\n<\/div>\n<\/div>\n<div class=\"standard_wrapper\">\n<div class=\"one_half last withsmallpadding ppb_text\" style=\"padding: 30px 0 30px 0;\">\n<div class=\"standard_wrapper\">\n<div class=\"page_content_wrapper\">\n<div class=\"inner\">\n<div style=\"margin: auto; width: 100%;\">\n<h2>CONTACT US<\/h2>\n<div id=\"wpcf7-f5321-o3\" class=\"wpcf7\" dir=\"ltr\" lang=\"es-ES\" role=\"form\">\n<div class=\"screen-reader-response\"><\/div>\n<form class=\"wpcf7-form\" action=\"\/wp-admin\/post.php#wpcf7-f5321-o3\" method=\"post\" novalidate=\"novalidate\">\n<div style=\"display: none;\"><input name=\"_wpcf7\" type=\"hidden\" value=\"5321\" \/><br \/>\n<input name=\"_wpcf7_version\" type=\"hidden\" value=\"5.0.3\" \/><br \/>\n<input name=\"_wpcf7_locale\" type=\"hidden\" value=\"es_ES\" \/><br \/>\n<input name=\"_wpcf7_unit_tag\" type=\"hidden\" value=\"wpcf7-f5321-o3\" \/><br \/>\n<input name=\"_wpcf7_container_post\" type=\"hidden\" value=\"0\" \/><\/div>\n<p><label> Your name (requerido)<br \/>\n<span class=\"wpcf7-form-control-wrap your-name\"><input class=\"wpcf7-form-control wpcf7-text wpcf7-validates-as-required\" name=\"your-name\" size=\"40\" type=\"text\" value=\"\" aria-required=\"true\" aria-invalid=\"false\" \/><\/span> <\/label><\/p>\n<p><label> Your email (requerido)<br \/>\n<span class=\"wpcf7-form-control-wrap your-email\"><input class=\"wpcf7-form-control wpcf7-text wpcf7-email wpcf7-validates-as-required wpcf7-validates-as-email\" name=\"your-email\" size=\"40\" type=\"email\" value=\"\" aria-required=\"true\" aria-invalid=\"false\" \/><\/span> <\/label><\/p>\n<p><label> Subject<br \/>\n<span class=\"wpcf7-form-control-wrap your-subject\"><input class=\"wpcf7-form-control wpcf7-text wpcf7-validates-as-required\" name=\"your-subject\" size=\"40\" type=\"text\" value=\"\" aria-required=\"true\" aria-invalid=\"false\" \/><\/span> <\/label><\/p>\n<p><label> Your message<br \/>\n<span class=\"wpcf7-form-control-wrap your-message\"><textarea class=\"wpcf7-form-control wpcf7-textarea wpcf7-validates-as-required\" cols=\"40\" name=\"your-message\" rows=\"10\" aria-required=\"true\" aria-invalid=\"false\"><\/textarea><\/span> <\/label><\/p>\n<p><span class=\"wpcf7-form-control-wrap checkbox-816\"><span class=\"wpcf7-form-control wpcf7-checkbox wpcf7-validates-as-required\"><span class=\"wpcf7-list-item first last\"><input name=\"checkbox-816[]\" type=\"checkbox\" value=\"By sending this form you accept the privacy policy of this website\" \/><span class=\"wpcf7-list-item-label\">By sending this form you accept the privacy policy of this website<\/span><\/span><\/span><\/span><\/p>\n<p><input class=\"wpcf7-form-control wpcf7-submit\" type=\"submit\" value=\"Send\" \/><\/p>\n<div class=\"wpcf7-response-output wpcf7-display-none\"><\/div>\n<\/form>\n<\/div>\n<\/div>\n<\/div>\n<\/div>\n<\/div>\n<\/div>\n<\/div>\n","protected":false},"excerpt":{"rendered":"<p>CONTACT CONTACT INFO Calle Las Mimosas, Parcela 15C, Pol\u00edgono Industrial de Arinaga, 35118 Ag\u00fcimes, Las Palmas. Espa\u00f1a \u2013 Phone:\u00a0+34 828 280 230 \u2013 Sales agent:\u00a0+34 605 29 18 83 \u2013 Email: administracion@cafetalesdelaaldea.com Opening hours Monday-Friday: 8am \u2013 16pm Saturday-Sunday: Closed [&hellip;]<\/p>\n","protected":false},"author":1,"featured_media":0,"parent":0,"menu_order":0,"comment_status":"closed","ping_status":"closed","template":"","meta":{"_monsterinsights_skip_tracking":false,"_monsterinsights_sitenote_active":false,"_monsterinsights_sitenote_note":"","_monsterinsights_sitenote_category":0},"_links":{"self":[{"href":"https:\/\/www.cafetalesdelaaldea.com\/en\/wp-json\/wp\/v2\/pages\/5325"}],"collection":[{"href":"https:\/\/www.cafetalesdelaaldea.com\/en\/wp-json\/wp\/v2\/pages"}],"about":[{"href":"https:\/\/www.cafetalesdelaaldea.com\/en\/wp-json\/wp\/v2\/types\/page"}],"author":[{"embeddable":true,"href":"https:\/\/www.cafetalesdelaaldea.com\/en\/wp-json\/wp\/v2\/users\/1"}],"replies":[{"embeddable":true,"href":"https:\/\/www.cafetalesdelaaldea.com\/en\/wp-json\/wp\/v2\/comments?post=5325"}],"version-history":[{"count":7,"href":"https:\/\/www.cafetalesdelaaldea.com\/en\/wp-json\/wp\/v2\/pages\/5325\/revisions"}],"predecessor-version":[{"id":5852,"href":"https:\/\/www.cafetalesdelaaldea.com\/en\/wp-json\/wp\/v2\/pages\/5325\/revisions\/5852"}],"wp:attachment":[{"href":"https:\/\/www.cafetalesdelaaldea.com\/en\/wp-json\/wp\/v2\/media?parent=5325"}],"curies":[{"name":"wp","href":"https:\/\/api.w.org\/{rel}","templated":true}]}}